{"id":1997,"date":"2020-12-09T13:46:59","date_gmt":"2020-12-09T12:46:59","guid":{"rendered":"https:\/\/zonenewsletter.com\/wordpressmulti\/site1\/?post_type=product&#038;p=1997"},"modified":"2021-09-22T18:20:02","modified_gmt":"2021-09-22T16:20:02","slug":"racks-a-velo-personnalises","status":"publish","type":"product","link":"https:\/\/leoffice.store\/site1\/produit\/racks-a-velo-personnalises\/","title":{"rendered":"Racks \u00e0 v\u00e9lo personnalis\u00e9s"},"content":{"rendered":"<p>Livraison : RDV pour Installation<\/p>\n<p>&nbsp;<\/p>\n<p>&nbsp;<\/p>\n","protected":false},"excerpt":{"rendered":"<p>Mode\u0300le Versailles Mottez B131US rallong\u00e9 entre les 2 plots<\/p>\n","protected":false},"featured_media":2197,"template":"","meta":[],"product_brand":[],"product_cat":[80],"product_tag":[],"class_list":{"0":"post-1997","1":"product","2":"type-product","3":"status-publish","4":"has-post-thumbnail","6":"product_cat-equipement","8":"first","9":"instock","10":"taxable","11":"shipping-taxable","12":"purchasable","13":"product-type-simple"},"meta_box":{"mb_product_layout":"default","mb_page_sidebar_layout":"none","mb_page_sidebar_def":"","mb_page_sidebar_def_width":"9","mb_sticky_sidebar":"0","mb_sidebar_gap":"def","mb_header_building_tool":"","mb_customize_header_e":"","mb_customize_header":"default","mb_customize_header_layout":"default","mb_menu_header":"Main","mb_header_sticky":"1","mb_sticky_header_content_type":"","mb_customize_sticky_header":"","mb_mobile_menu_custom":"","mb_mobile_menu_header":"","mb_page_title_switch":"off","mb_page_title_bg_switch":"1","mb_page_title_bg":{"repeat":"no-repeat","size":"cover","attachment":"scroll","position":"bottom center","image":"","color":"#f2f2f4"},"mb_page_title_height":"550","mb_page_title_align":"center","mb_page_title_padding":{"padding-top":"188","padding-bottom":"88"},"mb_page_title_margin":{"margin-bottom":"48"},"mb_page_title_border_switch":"0","mb_page_title_border_color":"#e5e5e5","mb_page_title_border_bottom_switch":"","mb_page_title_border_bottom_color":"","mb_page_title_parallax":"0","mb_page_title_parallax_speed":"0.3","mb_page_change_tile_switch":"0","mb_page_change_tile":"","mb_page_title_breadcrumbs_switch":"1","mb_page_title_breadcrumbs_align":"center","mb_page_title_font":{"font-size":"48","line-height":"58","color":"#ffffff"},"mb_page_title_breadcrumbs_font":{"font-size":"16","line-height":"24","color":"#ffffff"},"mb_page_title_resp_switch":"0","mb_page_title_resp_resolution":"768","mb_page_title_resp_height":"230","mb_page_title_resp_padding":{"padding-top":"15","padding-bottom":"40"},"mb_page_title_resp_font":{"font-size":"48","line-height":"58","color":"#ffffff"},"mb_page_title_resp_breadcrumbs_switch":"1","mb_page_title_resp_breadcrumbs_font":{"font-size":"16","line-height":"24","color":"#ffffff"},"mb_product_carousel":"0"},"_links":{"self":[{"href":"https:\/\/leoffice.store\/site1\/wp-json\/wp\/v2\/product\/1997","targetHints":{"allow":["GET"]}}],"collection":[{"href":"https:\/\/leoffice.store\/site1\/wp-json\/wp\/v2\/product"}],"about":[{"href":"https:\/\/leoffice.store\/site1\/wp-json\/wp\/v2\/types\/product"}],"version-history":[{"count":2,"href":"https:\/\/leoffice.store\/site1\/wp-json\/wp\/v2\/product\/1997\/revisions"}],"predecessor-version":[{"id":2560,"href":"https:\/\/leoffice.store\/site1\/wp-json\/wp\/v2\/product\/1997\/revisions\/2560"}],"wp:featuredmedia":[{"embeddable":true,"href":"https:\/\/leoffice.store\/site1\/wp-json\/wp\/v2\/media\/2197"}],"wp:attachment":[{"href":"https:\/\/leoffice.store\/site1\/wp-json\/wp\/v2\/media?parent=1997"}],"wp:term":[{"taxonomy":"product_brand","embeddable":true,"href":"https:\/\/leoffice.store\/site1\/wp-json\/wp\/v2\/product_brand?post=1997"},{"taxonomy":"product_cat","embeddable":true,"href":"https:\/\/leoffice.store\/site1\/wp-json\/wp\/v2\/product_cat?post=1997"},{"taxonomy":"product_tag","embeddable":true,"href":"https:\/\/leoffice.store\/site1\/wp-json\/wp\/v2\/product_tag?post=1997"}],"curies":[{"name":"wp","href":"https:\/\/api.w.org\/{rel}","templated":true}]}}